{"id":2,"date":"2025-02-23T12:23:04","date_gmt":"2025-02-23T12:23:04","guid":{"rendered":"http:\/\/localhost\/thumualaptopbh\/?page_id=2"},"modified":"2026-02-11T05:08:29","modified_gmt":"2026-02-11T05:08:29","slug":"trang-mau","status":"publish","type":"page","link":"https:\/\/thumualaptopbienhoa.com\/?page_id=2","title":{"rendered":"\u0110\u1ecbnh gi\u00e1 nhanh m\u00e1y t\u00ednh laptop c\u1ee7a b\u1ea1n qua Zalo"},"content":{"rendered":"\n<p><\/p>\n\n\n\n<blockquote class=\"wp-block-quote is-layout-flow wp-block-quote-is-layout-flow\">\n<p>Ch\u1ec9 c\u1ea7n nh\u1eafn gi\u00fap m\u00ecnh th\u00f4ng tin m\u00e1y qua <strong><mark style=\"background-color:rgba(0, 0, 0, 0)\" class=\"has-inline-color has-vivid-purple-color\">Zalo<\/mark><\/strong>, m\u00ecnh s\u1ebd b\u00e1o gi\u00e1 ngay cho b\u1ea1n.<\/p>\n<\/blockquote>\n\n\n\n<p>.<\/p>\n\n\n\n<blockquote class=\"wp-block-quote is-layout-flow wp-block-quote-is-layout-flow\">\n<p>Nh\u1eafn tin v\u1edbi m\u00ecnh qua <strong><mark style=\"background-color:rgba(0, 0, 0, 0)\" class=\"has-inline-color has-vivid-purple-color\">zalo 0934.01.41.41<\/mark><\/strong> ho\u1eb7c Call \u0111\u1ec3 \u0111\u01b0\u1ee3c b\u00e1o gi\u00e1 m\u00e1y t\u00ednh laptop nhanh v\u00e0 ch\u00ednh x\u00e1c nh\u1ea5t!<\/p>\n\n\n\n<p>Xin c\u1ea3m \u01a1n!<\/p>\n<\/blockquote>\n\n\n\n<p><\/p>\n\n\n\n<p><\/p>\n\n\n\n<h3 class=\"wp-block-heading\"><strong><mark style=\"background-color:rgba(0, 0, 0, 0)\" class=\"has-inline-color has-vivid-red-color\">Thu mua M\u00e1y t\u00ednh Laptop c\u0169 gi\u00e1 cao \u2013 Uy t\u00edn, Nhanh ch\u00f3ng T\u1ea1i TP. Bi\u00ean H\u00f2a<\/mark><\/strong><\/h3>\n\n\n\n<p>B\u1ea1n \u0111ang c\u00f3 m\u1ed9t chi\u1ebfc laptop c\u0169 kh\u00f4ng c\u00f2n s\u1eed d\u1ee5ng? B\u1ea1n mu\u1ed1n b\u00e1n l\u1ea1i v\u1edbi <strong>gi\u00e1 cao, thanh to\u00e1n ngay<\/strong>, nh\u01b0ng ch\u01b0a bi\u1ebft t\u00ecm n\u01a1i thu mua uy t\u00edn? <strong>Thu mua Laptop PC<\/strong> ch\u00ednh l\u00e0 l\u1ef1a ch\u1ecdn ho\u00e0n h\u1ea3o d\u00e0nh cho b\u1ea1n!<\/p>\n\n\n\n<p>Ch\u00fang t\u00f4i chuy\u00ean <strong>thu mua laptop, m\u00e1y t\u00ednh c\u0169<\/strong> v\u1edbi gi\u00e1 t\u1ed1t nh\u1ea5t t\u1ea1i <strong>TP. Bi\u00ean H\u00f2a<\/strong> v\u00e0 c\u00e1c khu v\u1ef1c l\u00e2n c\u1eadn. V\u1edbi <strong>h\u01a1n 15 n\u0103m kinh nghi\u1ec7m<\/strong> trong l\u0129nh v\u1ef1c thu mua v\u00e0 thanh l\u00fd m\u00e1y t\u00ednh (t\u1eeb n\u0103m 2010), ch\u00fang t\u00f4i \u0111\u00e3 tr\u1edf th\u00e0nh \u0111\u1ecba ch\u1ec9 tin c\u1eady \u0111\u01b0\u1ee3c nhi\u1ec1u kh\u00e1ch h\u00e0ng c\u00e1 nh\u00e2n, doanh nghi\u1ec7p, c\u1eeda h\u00e0ng tin h\u1ecdc l\u1ef1a ch\u1ecdn.<\/p>\n\n\n\n<h4 class=\"wp-block-heading\"><strong>V\u00ec sao n\u00ean ch\u1ecdn ch\u00fang t\u00f4i?<\/strong><\/h4>\n\n\n\n<p>\u2705 <strong>Thu mua \u0111a d\u1ea1ng c\u00e1c d\u00f2ng laptop, m\u00e1y t\u00ednh \u0111\u1ec3 b\u00e0n, m\u00e1y b\u1ed9, PC Gaming<\/strong>: MacBook, Dell, HP, Asus, Lenovo, Acer,\u2026 k\u1ec3 c\u1ea3 m\u00e1y b\u1ecb l\u1ed7i, h\u1ecfng ho\u1eb7c kh\u00f4ng s\u1eed d\u1ee5ng \u0111\u01b0\u1ee3c.<br>\u2705 <strong>Gi\u00e1 cao nh\u1ea5t th\u1ecb tr\u01b0\u1eddng<\/strong>: \u0110\u1ecbnh gi\u00e1 minh b\u1ea1ch, <strong>kh\u00f4ng \u00e9p gi\u00e1<\/strong>, lu\u00f4n h\u1ed7 tr\u1ee3 kh\u00e1ch h\u00e0ng t\u1ed1i \u0111a.<br>\u2705 <strong>Thanh to\u00e1n nhanh g\u1ecdn \u2013 Ti\u1ec1n m\u1eb7t ho\u1eb7c chuy\u1ec3n kho\u1ea3n ngay sau khi th\u1ecfa thu\u1eadn<\/strong>.<br>\u2705 <strong>H\u1ed7 tr\u1ee3 ki\u1ec3m tra m\u00e1y v\u00e0 b\u00e1o gi\u00e1 mi\u1ec5n ph\u00ed<\/strong>: Ch\u1ec9 c\u1ea7n li\u00ean h\u1ec7, ch\u00fang t\u00f4i s\u1ebd ki\u1ec3m tra v\u00e0 b\u00e1o gi\u00e1 m\u1ed9t c\u00e1ch nhanh ch\u00f3ng.<br>\u2705 <strong>L\u00e0m vi\u1ec7c chuy\u00ean nghi\u1ec7p, uy t\u00edn<\/strong>: \u0110\u1ed9i ng\u0169 nh\u00e2n vi\u00ean nhi\u1ec7t t\u00ecnh, ki\u1ec3m tra m\u00e1y nhanh ch\u00f3ng, \u0111\u1ea3m b\u1ea3o s\u1ef1 h\u00e0i l\u00f2ng cho kh\u00e1ch h\u00e0ng.<\/p>\n\n\n\n<p>Ch\u00fang t\u00f4i lu\u00f4n \u0111\u1eb7t <strong>s\u1ef1 h\u00e0i l\u00f2ng c\u1ee7a kh\u00e1ch h\u00e0ng<\/strong> l\u00ean h\u00e0ng \u0111\u1ea7u. D\u00f9 b\u1ea1n l\u00e0 c\u00e1 nh\u00e2n hay doanh nghi\u1ec7p c\u1ea7n thanh l\u00fd s\u1ed1 l\u01b0\u1ee3ng l\u1edbn, ch\u00fang t\u00f4i \u0111\u1ec1u c\u00f3 <strong>gi\u1ea3i ph\u00e1p thu mua ph\u00f9 h\u1ee3p, nhanh ch\u00f3ng v\u00e0 hi\u1ec7u qu\u1ea3<\/strong>.<\/p>\n\n\n\n<p>\ud83d\udcde <mark style=\"background-color:rgba(0, 0, 0, 0)\" class=\"has-inline-color has-vivid-purple-color\"><strong>Li\u00ean h\u1ec7 ngay<\/strong> <strong>qua Zalo<\/strong><\/mark> \u0111\u1ec3 nh\u1eadn b\u00e1o gi\u00e1 t\u1ed1t nh\u1ea5t! Ch\u00fang t\u00f4i lu\u00f4n s\u1eb5n s\u00e0ng ph\u1ee5c v\u1ee5 b\u1ea1n.<\/p>\n\n\n\n<p><\/p>\n","protected":false},"excerpt":{"rendered":"<p>Ch\u1ec9 c\u1ea7n nh\u1eafn gi\u00fap m\u00ecnh th\u00f4ng tin m\u00e1y qua Zalo, m\u00ecnh s\u1ebd b\u00e1o gi\u00e1 ngay cho b\u1ea1n. . Nh\u1eafn tin v\u1edbi m\u00ecnh qua zalo 0934.01.41.41 ho\u1eb7c Call \u0111\u1ec3 \u0111\u01b0\u1ee3c b\u00e1o gi\u00e1 m\u00e1y t\u00ednh laptop nhanh v\u00e0 ch\u00ednh x\u00e1c nh\u1ea5t! Xin c\u1ea3m \u01a1n! Thu mua M\u00e1y t\u00ednh Laptop c\u0169 gi\u00e1 cao \u2013 Uy t\u00edn, Nhanh ch\u00f3ng [&hellip;]<\/p>\n","protected":false},"author":1,"featured_media":0,"parent":0,"menu_order":0,"comment_status":"closed","ping_status":"open","template":"","meta":{"footnotes":""},"class_list":["post-2","page","type-page","status-publish","hentry"],"_links":{"self":[{"href":"https:\/\/thumualaptopbienhoa.com\/index.php?rest_route=\/wp\/v2\/pages\/2","targetHints":{"allow":["GET"]}}],"collection":[{"href":"https:\/\/thumualaptopbienhoa.com\/index.php?rest_route=\/wp\/v2\/pages"}],"about":[{"href":"https:\/\/thumualaptopbienhoa.com\/index.php?rest_route=\/wp\/v2\/types\/page"}],"author":[{"embeddable":true,"href":"https:\/\/thumualaptopbienhoa.com\/index.php?rest_route=\/wp\/v2\/users\/1"}],"replies":[{"embeddable":true,"href":"https:\/\/thumualaptopbienhoa.com\/index.php?rest_route=%2Fwp%2Fv2%2Fcomments&post=2"}],"version-history":[{"count":16,"href":"https:\/\/thumualaptopbienhoa.com\/index.php?rest_route=\/wp\/v2\/pages\/2\/revisions"}],"predecessor-version":[{"id":192,"href":"https:\/\/thumualaptopbienhoa.com\/index.php?rest_route=\/wp\/v2\/pages\/2\/revisions\/192"}],"wp:attachment":[{"href":"https:\/\/thumualaptopbienhoa.com\/index.php?rest_route=%2Fwp%2Fv2%2Fmedia&parent=2"}],"curies":[{"name":"wp","href":"https:\/\/api.w.org\/{rel}","templated":true}]}}